{"id":5602,"date":"2024-01-31T23:27:02","date_gmt":"2024-01-31T23:27:02","guid":{"rendered":"https:\/\/antrozoologia.mx\/wp\/?page_id=5602"},"modified":"2024-10-12T20:42:02","modified_gmt":"2024-10-13T02:42:02","slug":"contactame","status":"publish","type":"page","link":"https:\/\/antrozoologia.mx\/wp\/contactame\/","title":{"rendered":"Cont\u00e1ctame"},"content":{"rendered":"<p>[et_pb_section fb_built=\u00bb1&#8243; module_id=\u00bbformacion\u00bb _builder_version=\u00bb4.24.0&#8243; _module_preset=\u00bbdefault\u00bb background_color=\u00bbRGBA(255,255,255,0)\u00bb top_divider_style=\u00bbtriangle\u00bb top_divider_color=\u00bb#ebeae7&#8243; top_divider_height=\u00bb50px\u00bb top_divider_flip=\u00bbvertical\u00bb global_colors_info=\u00bb{}\u00bb][et_pb_row _builder_version=\u00bb4.24.0&#8243; _module_preset=\u00bbdefault\u00bb background_color=\u00bbrgba(62,52,85,0.91)\u00bb max_width=\u00bb950px\u00bb custom_margin=\u00bb-0.1%|auto||auto|false|false\u00bb custom_padding=\u00bb30px|30px|30px|30px|true|true\u00bb animation_style=\u00bbzoom\u00bb border_radii=\u00bbon|50px|50px|50px|50px\u00bb border_width_all=\u00bb1px\u00bb border_color_all=\u00bb#b1b55a\u00bb box_shadow_style=\u00bbpreset1&#8243; global_colors_info=\u00bb{}\u00bb][et_pb_column type=\u00bb4_4&#8243; _builder_version=\u00bb4.23.1&#8243; _module_preset=\u00bbdefault\u00bb global_colors_info=\u00bb{}\u00bb][et_pb_text _builder_version=\u00bb4.23.1&#8243; _module_preset=\u00bbdefault\u00bb text_text_color=\u00bb#FFFFFF\u00bb header_2_font=\u00bbLibre Baskerville|700|||||||\u00bb header_2_text_color=\u00bb#b1b55a\u00bb header_2_font_size=\u00bb33px\u00bb header_2_line_height=\u00bb1.2em\u00bb header_2_font_size_tablet=\u00bb\u00bb header_2_font_size_phone=\u00bb25px\u00bb header_2_font_size_last_edited=\u00bbon|phone\u00bb header_2_line_height_tablet=\u00bb\u00bb header_2_line_height_phone=\u00bb1.5em\u00bb header_2_line_height_last_edited=\u00bbon|phone\u00bb global_colors_info=\u00bb{}\u00bb]<\/p>\n<h2 style=\"text-align: center;\">Cont\u00e1ctame<\/h2>\n<p style=\"text-align: center;\">Muchas gracias por visitar este sitio, el conocimiento es un proceso dial\u00f3gico, as\u00ed que si compartimos coincidencias o divergencias y te interesa colaborar, me gustar\u00e1 escuchar de ti.<\/p>\n<p>[\/et_pb_text][dsm_contact_form_7 cf7_library=\u00bb72&#8243; button_alignment=\u00bbleft\u00bb _builder_version=\u00bb4.23.1&#8243; _module_preset=\u00bbdefault\u00bb custom_button_one=\u00bbon\u00bb button_one_text_color=\u00bb#FFFFFF\u00bb button_one_bg_color=\u00bb#b1b55a\u00bb button_one_border_width=\u00bb0px\u00bb global_colors_info=\u00bb{}\u00bb][\/dsm_contact_form_7][\/et_pb_column][\/et_pb_row][\/et_pb_section]<\/p>\n","protected":false},"excerpt":{"rendered":"<p>Ericka Fosado \u2013 ecolog\u00eda pol\u00edtica feminista \u2013 ecofeminismo  \u2013 antrozoolog\u00eda \u2013 feminist political ecology &#8211; estudios\u00a0humano\u00a0animal<\/p>\n","protected":false},"author":1,"featured_media":0,"parent":0,"menu_order":0,"comment_status":"closed","ping_status":"closed","template":"","meta":{"_et_pb_use_builder":"on","_et_pb_old_content":"","_et_gb_content_width":"","footnotes":""},"class_list":["post-5602","page","type-page","status-publish","hentry"],"yoast_head":"<!-- This site is optimized with the Yoast SEO plugin v24.1 - https:\/\/yoast.com\/wordpress\/plugins\/seo\/ -->\n<title>Cont\u00e1ctame - Ecolog\u00eda Pol\u00edtica Feminista<\/title>\n<meta name=\"description\" content=\"Ericka Fosado \u2013 ecolog\u00eda pol\u00edtica feminista \u2013 ecofeminismo \u2013 antrozoolog\u00eda \u2013 feminist political ecology - estudios\u00a0humano\u00a0animal\" \/>\n<meta name=\"robots\" content=\"index, follow, max-snippet:-1, max-image-preview:large, max-video-preview:-1\" \/>\n<link rel=\"canonical\" href=\"https:\/\/antrozoologia.mx\/wp\/contactame\/\" \/>\n<meta property=\"og:locale\" content=\"es_ES\" \/>\n<meta property=\"og:type\" content=\"article\" \/>\n<meta property=\"og:title\" content=\"Cont\u00e1ctame - Ecolog\u00eda Pol\u00edtica Feminista\" \/>\n<meta property=\"og:description\" content=\"Ericka Fosado \u2013 ecolog\u00eda pol\u00edtica feminista \u2013 ecofeminismo \u2013 antrozoolog\u00eda \u2013 feminist political ecology - estudios\u00a0humano\u00a0animal\" \/>\n<meta property=\"og:url\" content=\"https:\/\/antrozoologia.mx\/wp\/contactame\/\" \/>\n<meta property=\"og:site_name\" content=\"Ecolog\u00eda Pol\u00edtica Feminista\" \/>\n<meta property=\"article:modified_time\" content=\"2024-10-13T02:42:02+00:00\" \/>\n<meta name=\"twitter:card\" content=\"summary_large_image\" \/>\n<meta name=\"twitter:label1\" content=\"Tiempo de lectura\" \/>\n\t<meta name=\"twitter:data1\" content=\"1 minuto\" \/>\n<script type=\"application\/ld+json\" class=\"yoast-schema-graph\">{\"@context\":\"https:\/\/schema.org\",\"@graph\":[{\"@type\":\"WebPage\",\"@id\":\"https:\/\/antrozoologia.mx\/wp\/contactame\/\",\"url\":\"https:\/\/antrozoologia.mx\/wp\/contactame\/\",\"name\":\"Cont\u00e1ctame - Ecolog\u00eda Pol\u00edtica Feminista\",\"isPartOf\":{\"@id\":\"https:\/\/antrozoologia.mx\/wp\/#website\"},\"datePublished\":\"2024-01-31T23:27:02+00:00\",\"dateModified\":\"2024-10-13T02:42:02+00:00\",\"description\":\"Ericka Fosado \u2013 ecolog\u00eda pol\u00edtica feminista \u2013 ecofeminismo \u2013 antrozoolog\u00eda \u2013 feminist political ecology - estudios\u00a0humano\u00a0animal\",\"breadcrumb\":{\"@id\":\"https:\/\/antrozoologia.mx\/wp\/contactame\/#breadcrumb\"},\"inLanguage\":\"es\",\"potentialAction\":[{\"@type\":\"ReadAction\",\"target\":[\"https:\/\/antrozoologia.mx\/wp\/contactame\/\"]}]},{\"@type\":\"BreadcrumbList\",\"@id\":\"https:\/\/antrozoologia.mx\/wp\/contactame\/#breadcrumb\",\"itemListElement\":[{\"@type\":\"ListItem\",\"position\":1,\"name\":\"Portada\",\"item\":\"https:\/\/antrozoologia.mx\/wp\/\"},{\"@type\":\"ListItem\",\"position\":2,\"name\":\"Cont\u00e1ctame\"}]},{\"@type\":\"WebSite\",\"@id\":\"https:\/\/antrozoologia.mx\/wp\/#website\",\"url\":\"https:\/\/antrozoologia.mx\/wp\/\",\"name\":\"Ecolog\u00eda Pol\u00edtica Feminista\",\"description\":\"Ericka Fosado ecolog&iacute;a pol&iacute;tica feminista ecofeminismo antrozoolog&iacute;a feminist political ecology estudios&nbsp;humano&nbsp;animal\",\"potentialAction\":[{\"@type\":\"SearchAction\",\"target\":{\"@type\":\"EntryPoint\",\"urlTemplate\":\"https:\/\/antrozoologia.mx\/wp\/?s={search_term_string}\"},\"query-input\":{\"@type\":\"PropertyValueSpecification\",\"valueRequired\":true,\"valueName\":\"search_term_string\"}}],\"inLanguage\":\"es\"}]}<\/script>\n<!-- \/ Yoast SEO plugin. -->","yoast_head_json":{"title":"Cont\u00e1ctame - Ecolog\u00eda Pol\u00edtica Feminista","description":"Ericka Fosado \u2013 ecolog\u00eda pol\u00edtica feminista \u2013 ecofeminismo \u2013 antrozoolog\u00eda \u2013 feminist political ecology - estudios\u00a0humano\u00a0animal","robots":{"index":"index","follow":"follow","max-snippet":"max-snippet:-1","max-image-preview":"max-image-preview:large","max-video-preview":"max-video-preview:-1"},"canonical":"https:\/\/antrozoologia.mx\/wp\/contactame\/","og_locale":"es_ES","og_type":"article","og_title":"Cont\u00e1ctame - Ecolog\u00eda Pol\u00edtica Feminista","og_description":"Ericka Fosado \u2013 ecolog\u00eda pol\u00edtica feminista \u2013 ecofeminismo \u2013 antrozoolog\u00eda \u2013 feminist political ecology - estudios\u00a0humano\u00a0animal","og_url":"https:\/\/antrozoologia.mx\/wp\/contactame\/","og_site_name":"Ecolog\u00eda Pol\u00edtica Feminista","article_modified_time":"2024-10-13T02:42:02+00:00","twitter_card":"summary_large_image","twitter_misc":{"Tiempo de lectura":"1 minuto"},"schema":{"@context":"https:\/\/schema.org","@graph":[{"@type":"WebPage","@id":"https:\/\/antrozoologia.mx\/wp\/contactame\/","url":"https:\/\/antrozoologia.mx\/wp\/contactame\/","name":"Cont\u00e1ctame - Ecolog\u00eda Pol\u00edtica Feminista","isPartOf":{"@id":"https:\/\/antrozoologia.mx\/wp\/#website"},"datePublished":"2024-01-31T23:27:02+00:00","dateModified":"2024-10-13T02:42:02+00:00","description":"Ericka Fosado \u2013 ecolog\u00eda pol\u00edtica feminista \u2013 ecofeminismo \u2013 antrozoolog\u00eda \u2013 feminist political ecology - estudios\u00a0humano\u00a0animal","breadcrumb":{"@id":"https:\/\/antrozoologia.mx\/wp\/contactame\/#breadcrumb"},"inLanguage":"es","potentialAction":[{"@type":"ReadAction","target":["https:\/\/antrozoologia.mx\/wp\/contactame\/"]}]},{"@type":"BreadcrumbList","@id":"https:\/\/antrozoologia.mx\/wp\/contactame\/#breadcrumb","itemListElement":[{"@type":"ListItem","position":1,"name":"Portada","item":"https:\/\/antrozoologia.mx\/wp\/"},{"@type":"ListItem","position":2,"name":"Cont\u00e1ctame"}]},{"@type":"WebSite","@id":"https:\/\/antrozoologia.mx\/wp\/#website","url":"https:\/\/antrozoologia.mx\/wp\/","name":"Ecolog\u00eda Pol\u00edtica Feminista","description":"Ericka Fosado ecolog&iacute;a pol&iacute;tica feminista ecofeminismo antrozoolog&iacute;a feminist political ecology estudios&nbsp;humano&nbsp;animal","potentialAction":[{"@type":"SearchAction","target":{"@type":"EntryPoint","urlTemplate":"https:\/\/antrozoologia.mx\/wp\/?s={search_term_string}"},"query-input":{"@type":"PropertyValueSpecification","valueRequired":true,"valueName":"search_term_string"}}],"inLanguage":"es"}]}},"_links":{"self":[{"href":"https:\/\/antrozoologia.mx\/wp\/wp-json\/wp\/v2\/pages\/5602","targetHints":{"allow":["GET"]}}],"collection":[{"href":"https:\/\/antrozoologia.mx\/wp\/wp-json\/wp\/v2\/pages"}],"about":[{"href":"https:\/\/antrozoologia.mx\/wp\/wp-json\/wp\/v2\/types\/page"}],"author":[{"embeddable":true,"href":"https:\/\/antrozoologia.mx\/wp\/wp-json\/wp\/v2\/users\/1"}],"replies":[{"embeddable":true,"href":"https:\/\/antrozoologia.mx\/wp\/wp-json\/wp\/v2\/comments?post=5602"}],"version-history":[{"count":5,"href":"https:\/\/antrozoologia.mx\/wp\/wp-json\/wp\/v2\/pages\/5602\/revisions"}],"predecessor-version":[{"id":6468,"href":"https:\/\/antrozoologia.mx\/wp\/wp-json\/wp\/v2\/pages\/5602\/revisions\/6468"}],"wp:attachment":[{"href":"https:\/\/antrozoologia.mx\/wp\/wp-json\/wp\/v2\/media?parent=5602"}],"curies":[{"name":"wp","href":"https:\/\/api.w.org\/{rel}","templated":true}]}}